{"id":14,"date":"2022-12-11T18:37:22","date_gmt":"2022-12-11T18:37:22","guid":{"rendered":"http:\/\/belaycompany.com\/?page_id=14"},"modified":"2025-05-16T13:15:20","modified_gmt":"2025-05-16T13:15:20","slug":"contact","status":"publish","type":"page","link":"https:\/\/belaycompany.com\/index.php\/contact\/","title":{"rendered":"CONTACT"},"content":{"rendered":"\n<figure class=\"wp-block-image size-large\"><img decoding=\"async\" loading=\"lazy\" width=\"1024\" height=\"429\" src=\"http:\/\/belaycompany.com\/wp-content\/uploads\/2022\/12\/contact-us-1024x429.png\" alt=\"\" class=\"wp-image-59\" srcset=\"https:\/\/belaycompany.com\/wp-content\/uploads\/2022\/12\/contact-us-1024x429.png 1024w, https:\/\/belaycompany.com\/wp-content\/uploads\/2022\/12\/contact-us-300x126.png 300w, https:\/\/belaycompany.com\/wp-content\/uploads\/2022\/12\/contact-us-768x322.png 768w, https:\/\/belaycompany.com\/wp-content\/uploads\/2022\/12\/contact-us-850x356.png 850w, https:\/\/belaycompany.com\/wp-content\/uploads\/2022\/12\/contact-us.png 1432w\" sizes=\"(max-width: 1024px) 100vw, 1024px\" \/><\/figure>\n\n\n\n<p><\/p>\n\n\n\n<p>Headquarter: K\u00fclt\u00fcr Mahallesi 4322 Sok. No:1 Hilal Kemal Atat\u00fcrk Apt. No:4\/4 <\/p>\n\n\n\n<p>Akdeniz \/ Mersin \/ T\u00fcrkiye <\/p>\n\n\n\n<p>For Orders and Price offers <\/p>\n\n\n\n<p>alidag@belaycompany.com  <\/p>\n\n\n\n<p>Mob: +90 553 344 77 44 <\/p>\n\n\n\n<p><\/p>\n\n\n\n<p>Branch 1: Street vatutina 64a P.O. 23219 Vinnysta \/ Ukraine<\/p>\n\n\n\n<p>Mob: +380 50 080 8088<\/p>\n","protected":false},"excerpt":{"rendered":"<p>Headquarter: K\u00fclt\u00fcr Mahallesi 4322 Sok. No:1 Hilal Kemal Atat\u00fcrk Apt. No:4\/4 Akdeniz \/ Mersin \/ T\u00fcrkiye For Orders and Price offers alidag@belaycompany.com Mob:&hellip;<\/p>\n","protected":false},"author":1,"featured_media":0,"parent":0,"menu_order":0,"comment_status":"closed","ping_status":"closed","template":"","meta":[],"_links":{"self":[{"href":"https:\/\/belaycompany.com\/index.php\/wp-json\/wp\/v2\/pages\/14"}],"collection":[{"href":"https:\/\/belaycompany.com\/index.php\/wp-json\/wp\/v2\/pages"}],"about":[{"href":"https:\/\/belaycompany.com\/index.php\/wp-json\/wp\/v2\/types\/page"}],"author":[{"embeddable":true,"href":"https:\/\/belaycompany.com\/index.php\/wp-json\/wp\/v2\/users\/1"}],"replies":[{"embeddable":true,"href":"https:\/\/belaycompany.com\/index.php\/wp-json\/wp\/v2\/comments?post=14"}],"version-history":[{"count":3,"href":"https:\/\/belaycompany.com\/index.php\/wp-json\/wp\/v2\/pages\/14\/revisions"}],"predecessor-version":[{"id":106,"href":"https:\/\/belaycompany.com\/index.php\/wp-json\/wp\/v2\/pages\/14\/revisions\/106"}],"wp:attachment":[{"href":"https:\/\/belaycompany.com\/index.php\/wp-json\/wp\/v2\/media?parent=14"}],"curies":[{"name":"wp","href":"https:\/\/api.w.org\/{rel}","templated":true}]}}